{"id":2,"date":"2022-07-29T10:37:19","date_gmt":"2022-07-29T08:37:19","guid":{"rendered":"http:\/\/lagrandeourse73.org\/?page_id=2"},"modified":"2025-08-27T10:33:02","modified_gmt":"2025-08-27T08:33:02","slug":"page-d-exemple","status":"publish","type":"page","link":"https:\/\/lagrandeourse73.org\/index.php\/page-d-exemple\/","title":{"rendered":"Les activit\u00e9s hebdomadaires de la Grande Ourse 73 : Sur Chamb\u00e9ry et le Montcel en 2025 -2026"},"content":{"rendered":"\n<p>Durant l&#8217;ann\u00e9e 2025-2026, nous vous proposons la pratique hebdomadaire de <strong>qi gong<\/strong> avec les 4 cr\u00e9neaux suivants :<\/p>\n\n\n\n<p>La rentr\u00e9e aura lieu la semaine du 11 septembre 2025<\/p>\n\n\n\n<p><strong>3 temps de qi gong \u00e0 la maison des associations de Chamb\u00e9ry<\/strong> :<\/p>\n\n\n\n<ul class=\"wp-block-list\">\n<li>le lundi de 12h30 \u00e0 13h30 durant les p\u00e9riodes scolaires<\/li>\n\n\n\n<li>le jeudi de 18h00 \u00e0 19h30 durant les p\u00e9riodes scolaires<\/li>\n\n\n\n<li>le jeudi de 12h30 \u00e0 13h30 durant les p\u00e9riodes scolaires<\/li>\n<\/ul>\n\n\n\n<p><strong>1 temps de qi gong au Montcel :<\/strong><\/p>\n\n\n\n<ul class=\"wp-block-list\">\n<li>le vendredi de 18h30 \u00e0 20h00<\/li>\n<\/ul>\n\n\n\n<p>Les Tarifs :<\/p>\n\n\n\n<p><\/p>\n\n\n\n<ul class=\"wp-block-list\">\n<li>adh\u00e9sion (obligatoire pour participer \u00e0 une activit\u00e9 de l&#8217;association) 10 euros<\/li>\n\n\n\n<li>participation au temps de qi gong de 1 heure (lundi ou jeudi de 12h30 \u00e0 13h30) sur un trimestre : 50 euros<\/li>\n\n\n\n<li>participation au temps de qi gong de 1heure 30 (jeudi soir ou vendredi soir) sur un trimestre  70 euros<\/li>\n\n\n\n<li>participation au temps de qi gong du lundi ou jeudi sur une ann\u00e9es : 120 euros*<\/li>\n\n\n\n<li>participation au temps de qi gong (jeudi soir ou vendredi soir) sur une ann\u00e9e : 150 euros*<\/li>\n<\/ul>\n\n\n\n<p>Les temps sont anim\u00e9s par G\u00e9rard titulaire de Dipl\u00f4me National de M\u00e9decine Traditionnelle Chinoise, \u00e9l\u00e8ve de G\u00e9rard Edde et Marc Gutenkust  <\/p>\n\n\n\n<p>Renseignements suppl\u00e9mentaires par t\u00e9l\u00e9phone au 06 21 52 15 60,  par mail lagrandeourse73@gmail.com ou notre formulaire de contact <a rel=\"noreferrer noopener\" href=\"https:\/\/lagrandeourse73.org\/index.php\/formulaire-de-contact\/\" target=\"_blank\">https:\/\/lagrandeourse73.org\/index.php\/formulaire-de-contact\/<\/a><\/p>\n\n\n\n<p>*Cette ann\u00e9e l&#8217;inscription \u00e0 l&#8217;ann\u00e9e donne droit \u00e0 participer \u00e0 un des ateliers du samedi apr\u00e8s-midi. <\/p>\n","protected":false},"excerpt":{"rendered":"<p>Durant l&#8217;ann\u00e9e 2025-2026, nous vous proposons la pratique hebdomadaire de qi gong avec les 4 cr\u00e9neaux suivants : La rentr\u00e9e aura lieu la semaine du 11 septembre 2025 3 temps de qi gong \u00e0 la maison des associations de Chamb\u00e9ry : 1 temps de qi gong au Montcel : Les Tarifs : Les temps sont &hellip; <a href=\"https:\/\/lagrandeourse73.org\/index.php\/page-d-exemple\/\" class=\"more-link\">Continuer la lecture de <span class=\"screen-reader-text\">Les activit\u00e9s hebdomadaires de la Grande Ourse 73 : Sur Chamb\u00e9ry et le Montcel en 2025 -2026<\/span><\/a><\/p>\n","protected":false},"author":1,"featured_media":0,"parent":0,"menu_order":0,"comment_status":"closed","ping_status":"open","template":"","meta":{"footnotes":""},"class_list":["post-2","page","type-page","status-publish","hentry"],"_links":{"self":[{"href":"https:\/\/lagrandeourse73.org\/index.php\/wp-json\/wp\/v2\/pages\/2","targetHints":{"allow":["GET"]}}],"collection":[{"href":"https:\/\/lagrandeourse73.org\/index.php\/wp-json\/wp\/v2\/pages"}],"about":[{"href":"https:\/\/lagrandeourse73.org\/index.php\/wp-json\/wp\/v2\/types\/page"}],"author":[{"embeddable":true,"href":"https:\/\/lagrandeourse73.org\/index.php\/wp-json\/wp\/v2\/users\/1"}],"replies":[{"embeddable":true,"href":"https:\/\/lagrandeourse73.org\/index.php\/wp-json\/wp\/v2\/comments?post=2"}],"version-history":[{"count":19,"href":"https:\/\/lagrandeourse73.org\/index.php\/wp-json\/wp\/v2\/pages\/2\/revisions"}],"predecessor-version":[{"id":223,"href":"https:\/\/lagrandeourse73.org\/index.php\/wp-json\/wp\/v2\/pages\/2\/revisions\/223"}],"wp:attachment":[{"href":"https:\/\/lagrandeourse73.org\/index.php\/wp-json\/wp\/v2\/media?parent=2"}],"curies":[{"name":"wp","href":"https:\/\/api.w.org\/{rel}","templated":true}]}}