{"id":108,"date":"2022-09-03T05:09:03","date_gmt":"2022-09-03T03:09:03","guid":{"rendered":"https:\/\/lagrandeourse73.org\/?page_id=108"},"modified":"2025-08-27T10:31:34","modified_gmt":"2025-08-27T08:31:34","slug":"inscriptions","status":"publish","type":"page","link":"https:\/\/lagrandeourse73.org\/index.php\/inscriptions\/","title":{"rendered":"Inscriptions 2025-2026"},"content":{"rendered":"\n<p>Rentr\u00e9e pr\u00e9vue \u00e0 partir du 11 septembre 2025<\/p>\n\n\n\n<p>Les donn\u00e9es renseign\u00e9es sont \u00e0 destination de l&#8217;association. Elles ne sont en aucun cas partag\u00e9es avec un tiers<\/p>\n\n\n\n<div class=\"wp-block-columns is-layout-flex wp-container-core-columns-is-layout-9d6595d7 wp-block-columns-is-layout-flex\">\n<div class=\"wp-block-column is-layout-flow wp-block-column-is-layout-flow\" style=\"flex-basis:100%\">\n<div class=\"wp-block-group\"><div class=\"wp-block-group__inner-container is-layout-constrained wp-block-group-is-layout-constrained\"><div class=\"wpforms-container wpforms-container-full wpforms-block wpforms-block-53b0be00-d32a-4636-adc2-f56bfb577f81\" id=\"wpforms-103\"><form id=\"wpforms-form-103\" class=\"wpforms-validate wpforms-form wpforms-ajax-form\" data-formid=\"103\" method=\"post\" enctype=\"multipart\/form-data\" action=\"\/index.php\/wp-json\/wp\/v2\/pages\/108\" data-token=\"e60897909c3cc7d99e01ebf11983b8b9\" data-token-time=\"1776360613\"><noscript class=\"wpforms-error-noscript\">Veuillez activer JavaScript dans votre navigateur pour remplir ce formulaire.<\/noscript><div class=\"wpforms-field-container\"><div id=\"wpforms-103-field_5-container\" class=\"wpforms-field wpforms-field-name\" data-field-id=\"5\"><label class=\"wpforms-field-label\" for=\"wpforms-103-field_5\">Nom <span class=\"wpforms-required-label\">*<\/span><\/label><div class=\"wpforms-field-row wpforms-field-medium\"><div class=\"wpforms-field-row-block wpforms-first wpforms-one-half\"><input type=\"text\" id=\"wpforms-103-field_5\" class=\"wpforms-field-name-first wpforms-field-required\" name=\"wpforms[fields][5][first]\" required><label for=\"wpforms-103-field_5\" class=\"wpforms-field-sublabel after \">Pr\u00e9nom<\/label><\/div><div class=\"wpforms-field-row-block wpforms-one-half\"><input type=\"text\" id=\"wpforms-103-field_5-last\" class=\"wpforms-field-name-last wpforms-field-required\" name=\"wpforms[fields][5][last]\" required><label for=\"wpforms-103-field_5-last\" class=\"wpforms-field-sublabel after \">Nom<\/label><\/div><\/div><\/div><div id=\"wpforms-103-field_14-container\" class=\"wpforms-field wpforms-field-text\" data-field-id=\"14\"><label class=\"wpforms-field-label\" for=\"wpforms-103-field_14\">Date de naissance<\/label><input type=\"text\" id=\"wpforms-103-field_14\" class=\"wpforms-field-medium\" name=\"wpforms[fields][14]\" ><div class=\"wpforms-field-description\">jj\/mm\/aaaa<\/div><\/div><div id=\"wpforms-103-field_2-container\" class=\"wpforms-field wpforms-field-email\" data-field-id=\"2\"><label class=\"wpforms-field-label\" for=\"wpforms-103-field_2\">Email <span class=\"wpforms-required-label\">*<\/span><\/label><input type=\"email\" id=\"wpforms-103-field_2\" class=\"wpforms-field-medium wpforms-field-required\" name=\"wpforms[fields][2]\" spellcheck=\"false\" required><\/div><div id=\"wpforms-103-field_16-container\" class=\"wpforms-field wpforms-field-textarea\" data-field-id=\"16\"><label class=\"wpforms-field-label\" for=\"wpforms-103-field_16\">Adresse<\/label><textarea id=\"wpforms-103-field_16\" class=\"wpforms-field-medium\" name=\"wpforms[fields][16]\" ><\/textarea><\/div><div id=\"wpforms-103-field_17-container\" class=\"wpforms-field wpforms-field-text\" data-field-id=\"17\"><label class=\"wpforms-field-label\" for=\"wpforms-103-field_17\">T\u00e9l\u00e9phone <span class=\"wpforms-required-label\">*<\/span><\/label><input type=\"text\" id=\"wpforms-103-field_17\" class=\"wpforms-field-medium wpforms-field-required\" name=\"wpforms[fields][17]\" required><div class=\"wpforms-field-description\">Le num\u00e9ro ne sera utilis\u00e9 que pour vous envoyer des textos de renseignements sur les cours.<\/div><\/div><div id=\"wpforms-103-field_8-container\" class=\"wpforms-field wpforms-field-checkbox\" data-field-id=\"8\"><label class=\"wpforms-field-label\" for=\"wpforms-103-field_8\">Inscription \u00e0 un moment Qi gong <span class=\"wpforms-required-label\">*<\/span><\/label><ul id=\"wpforms-103-field_8\" class=\"wpforms-field-required\"><li class=\"choice-1 depth-1\"><input type=\"checkbox\" id=\"wpforms-103-field_8_1\" name=\"wpforms[fields][8][]\" value=\"Lundi de 12h30 \u00e0 13h30\" required ><label class=\"wpforms-field-label-inline\" for=\"wpforms-103-field_8_1\">Lundi de 12h30 \u00e0 13h30<\/label><\/li><li class=\"choice-3 depth-1\"><input type=\"checkbox\" id=\"wpforms-103-field_8_3\" name=\"wpforms[fields][8][]\" value=\"Jeudi de 12h30 \u00e0 13h30\" required ><label class=\"wpforms-field-label-inline\" for=\"wpforms-103-field_8_3\">Jeudi de 12h30 \u00e0 13h30<\/label><\/li><li class=\"choice-5 depth-1\"><input type=\"checkbox\" id=\"wpforms-103-field_8_5\" name=\"wpforms[fields][8][]\" value=\"jeudi de 18h00 \u00e0 19h30\" required ><label class=\"wpforms-field-label-inline\" for=\"wpforms-103-field_8_5\">jeudi de 18h00 \u00e0 19h30<\/label><\/li><li class=\"choice-4 depth-1\"><input type=\"checkbox\" id=\"wpforms-103-field_8_4\" name=\"wpforms[fields][8][]\" value=\"Vendredi de 18h30 \u00e0 20h00\" required ><label class=\"wpforms-field-label-inline\" for=\"wpforms-103-field_8_4\">Vendredi de 18h30 \u00e0 20h00<\/label><\/li><\/ul><\/div><div id=\"wpforms-103-field_12-container\" class=\"wpforms-field wpforms-field-radio\" data-field-id=\"12\"><label class=\"wpforms-field-label\" for=\"wpforms-103-field_12\">Inscription pour (dur\u00e9e)<\/label><ul id=\"wpforms-103-field_12\"><li class=\"choice-1 depth-1\"><input type=\"radio\" id=\"wpforms-103-field_12_1\" name=\"wpforms[fields][12]\" value=\"Un trimestre\"  ><label class=\"wpforms-field-label-inline\" for=\"wpforms-103-field_12_1\">Un trimestre<\/label><\/li><li class=\"choice-2 depth-1\"><input type=\"radio\" id=\"wpforms-103-field_12_2\" name=\"wpforms[fields][12]\" value=\"L&#039;ann\u00e9e 2022-2023\"  ><label class=\"wpforms-field-label-inline\" for=\"wpforms-103-field_12_2\">L&#8217;ann\u00e9e 2022-2023<\/label><\/li><li class=\"choice-3 depth-1\"><input type=\"radio\" id=\"wpforms-103-field_12_3\" name=\"wpforms[fields][12]\" value=\"Une s\u00e9ance d&#039;essai\"  ><label class=\"wpforms-field-label-inline\" for=\"wpforms-103-field_12_3\">Une s\u00e9ance d&#8217;essai<\/label><\/li><\/ul><\/div><div id=\"wpforms-103-field_11-container\" class=\"wpforms-field wpforms-field-mailchimp\" data-field-id=\"11\"><ul id=\"\" class=\"\"><li class=\"choice-0 depth-1\"><input type=\"checkbox\" id=\"wpforms-103-field_11_0\" name=\"wpforms[fields][11]\" value=\"1\"  ><label class=\"wpforms-field-label-inline\" for=\"wpforms-103-field_11_0\">Voulez-vous vous abonner \u00e0 notre newsletter ?<\/label><\/li><\/ul><\/div><\/div><!-- .wpforms-field-container --><div class=\"wpforms-submit-container\" ><input type=\"hidden\" name=\"wpforms[id]\" value=\"103\"><input type=\"hidden\" name=\"page_title\" value=\"\"><input type=\"hidden\" name=\"page_url\" value=\"https:\/\/lagrandeourse73.org\/index.php\/wp-json\/wp\/v2\/pages\/108\"><button type=\"submit\" name=\"wpforms[submit]\" id=\"wpforms-submit-103\" class=\"wpforms-submit\" data-alt-text=\"Sending...\" data-submit-text=\"Submit\" aria-live=\"assertive\" value=\"wpforms-submit\">Submit<\/button><img loading=\"lazy\" decoding=\"async\" src=\"https:\/\/lagrandeourse73.org\/wp-content\/plugins\/wpforms\/assets\/images\/submit-spin.svg\" class=\"wpforms-submit-spinner\" style=\"display: none;\" width=\"26\" height=\"26\" alt=\"Chargement en cours\"><\/div><\/form><\/div>  <!-- .wpforms-container --><\/div><\/div>\n<\/div>\n<\/div>\n\n\n\n<p><\/p>\n","protected":false},"excerpt":{"rendered":"<p>Rentr\u00e9e pr\u00e9vue \u00e0 partir du 11 septembre 2025 Les donn\u00e9es renseign\u00e9es sont \u00e0 destination de l&#8217;association. Elles ne sont en aucun cas partag\u00e9es avec un tiers<\/p>\n","protected":false},"author":1,"featured_media":0,"parent":0,"menu_order":0,"comment_status":"closed","ping_status":"closed","template":"","meta":{"footnotes":""},"class_list":["post-108","page","type-page","status-publish","hentry"],"_links":{"self":[{"href":"https:\/\/lagrandeourse73.org\/index.php\/wp-json\/wp\/v2\/pages\/108","targetHints":{"allow":["GET"]}}],"collection":[{"href":"https:\/\/lagrandeourse73.org\/index.php\/wp-json\/wp\/v2\/pages"}],"about":[{"href":"https:\/\/lagrandeourse73.org\/index.php\/wp-json\/wp\/v2\/types\/page"}],"author":[{"embeddable":true,"href":"https:\/\/lagrandeourse73.org\/index.php\/wp-json\/wp\/v2\/users\/1"}],"replies":[{"embeddable":true,"href":"https:\/\/lagrandeourse73.org\/index.php\/wp-json\/wp\/v2\/comments?post=108"}],"version-history":[{"count":6,"href":"https:\/\/lagrandeourse73.org\/index.php\/wp-json\/wp\/v2\/pages\/108\/revisions"}],"predecessor-version":[{"id":222,"href":"https:\/\/lagrandeourse73.org\/index.php\/wp-json\/wp\/v2\/pages\/108\/revisions\/222"}],"wp:attachment":[{"href":"https:\/\/lagrandeourse73.org\/index.php\/wp-json\/wp\/v2\/media?parent=108"}],"curies":[{"name":"wp","href":"https:\/\/api.w.org\/{rel}","templated":true}]}}